{"id":70,"date":"2016-10-16T17:03:00","date_gmt":"2016-10-16T15:03:00","guid":{"rendered":"http:\/\/wp.torstensense.de\/?page_id=70"},"modified":"2019-04-24T15:33:40","modified_gmt":"2019-04-24T13:33:40","slug":"musiktheater-1986-2008","status":"publish","type":"page","link":"https:\/\/torstensense.de\/?page_id=70","title":{"rendered":"Musiktheater 1983 &#8211; 2010"},"content":{"rendered":"<p>2010<\/p>\n<p>\u00bbDer Schwester Schatten\u00ab<br \/>\nEine Szenerie nach Georg Trakl von Inka Bach<br \/>\nTheater unterm Dach, Musik: Torsten Sense, Regie: Ingrun Aran<\/p>\n<p>2007\/2008<\/p>\n<p>\u00bbAkkermann, Tod und Entropie\u00ab\u00a0f\u00fcr 3 Schauspieler\/S\u00e4nger, 5 Musiker und Videoeinspielungen<br \/>\nMusiktheaterst\u00fcck, Libretto von Torsten Sense<br \/>\nmit Kompositionen von Heiner Frauendorf, Wolfgang Gretschel, Marcus Werner, Klaus Janek und Torsten Sense<br \/>\nUA 2007 + weitere Auff\u00fchrungen 2007\/2008 im kunsthaus tacheles<\/p>\n<p>Die Person\/Sargtr\u00e4ger: Christian Banzhaf<br \/>\nDer Tod\/die Schwangere: Tjadke Biallowons<br \/>\nDer Bauer\/Sargtr\u00e4ger: Manolo Palma<br \/>\nDer Fernsehprofessor: Boris Aljinovic<\/p>\n<p>B\u00fchnenbild: Ingo Tscharnke<br \/>\nRegie: Eike Hannemann<\/p>\n<p><a href=\"https:\/\/youtu.be\/C_UlmWAlGag\">Videotrailer<\/a><\/p>\n<p>2002<\/p>\n<p>\u00bbErotic Fairytales\u00ab<br \/>\nMusical-Show von Michael Duwe<br \/>\nBallettmusiken f\u00fcr Orchester von Torsten Sense<br \/>\nMusikalische Leitung Orchester: Michael Helmrath<br \/>\n2002 &#8211; 2003 Theater Brandenburg<\/p>\n<p>1997<\/p>\n<p>\u00bbHiroshima Mon Amour\u00ab<br \/>\nB\u00fchnenmusik f\u00fcr Streichtrio von Torsten Sense<br \/>\nRegie: Dirk Borchert,\u00a0Vaganten B\u00fchne Berlin<\/p>\n<p>1996<\/p>\n<p>\u00bbGoethe!\u00ab<br \/>\nRevue f\u00fcr 3 Schauspieler und 3 Musiker<br \/>\nMusik: Scanned Heads (Nicole K\u00e4mpgen, Manfred Opitz, Torsten Sense), Buch und\u00a0Regie: Rainer Behrend,\u00a0Trib\u00fcne Berlin<\/p>\n<p>1995<\/p>\n<p>\u00bbWas ist wirklich wirklich?\u00ab<br \/>\nf\u00fcr 3 Schauspieler\/Musiker, Musik\/Konzept: Scanned Heads<br \/>\nRegie: Martina Marx,\u00a0Vaganten B\u00fchne Berlin, Gasteig M\u00fcnchen<\/p>\n<p>1994<\/p>\n<p>\u00bbmusica visuale 5\u00ab<br \/>\nf\u00fcr 1 T\u00e4nzer, 1 Stimme, Dia-Projektionen, elektrische Bassviolone, Elektronik und Live-Sampling, Palmensaal im Alten Esplanade<\/p>\n<p>Tanz: Ingo Reulicke<br \/>\nB\u00fchnenbild: Ingo Tscharnke<br \/>\nProjektionen: Edwin Podchull<br \/>\nMusik und Konzept: DIAPHONICS (Bernd Dieterich, T. Sense)<\/p>\n<p>1992<\/p>\n<p>\u00bbThe Joy of Beautiful Pancakes\u00ab<br \/>\nf\u00fcr 3 Darsteller\/Musiker, 1 T\u00e4nzerin, 2 Stept\u00e4nzer, 1 S\u00e4ngerin, Filmprojektion, elektrische Bassviolone, Synthesizer, Tonband und Klavier,\u00a0Buch\/Musik\/Regie: Torsten Sense<br \/>\nKAMA Theater Berlin,\u00a0Eine Produktion der DIAPHONICS<\/p>\n<p>1990<\/p>\n<p>\u00bbNeruda\u00ab<br \/>\nszenische Lesung mit Musik f\u00fcr 1 Schauspielerin und 2 Musiker<br \/>\nBuch, Komposition, Regie: Torsten Sense,\u00a0mit\u00a0Doris Haffner\/Martina Maurer, Bernd Dieterich, Torsten Sense,\u00a0Vaganten B\u00fchne Berlin<\/p>\n<p>1989<\/p>\n<p>\u00bbBerlin \u2013 dein T\u00e4nzer ist der Tod\u00ab \u00a0 \u00a0 \u00a0 \u00a0 \u00a0 \u00a0 \u00a0 \u00a0 \u00a0 \u00a0 \u00a0 \u00a0 \u00a0 \u00a0 \u00a0 \u00a0 \u00a0 \u00a0 \u00a0 \u00a0 <a href=\"http:\/\/wp.torstensense.de\/1-kritik\/\">\u00a0 \u00a0\u00a0<\/a><br \/>\nEin Rondo zwischen den Kriegen f\u00fcr 1 T\u00e4nzer, 7 Schauspieler, Saxophon, Posaune, E-Gitarre und elektrische Bassviolone<br \/>\nanl\u00e4sslich des 70-j\u00e4hrigen Bestehens der Trib\u00fcne Berlin<\/p>\n<p>Komposition: Torsten Sense<br \/>\nBuch\/Regie: Rainer Behrend<\/p>\n<p><a href=\"https:\/\/torstensense.de\/?page_id=346\">Presse<\/a><\/p>\n<p>1988<\/p>\n<p>\u00bbStazione Termini\u00ab\u00a0von Karl Valentin<br \/>\nB\u00fchnenmusik f\u00fcr Trompete und Kontrabass von Torsten Sense\u00a0Theaterkollektiv Gaukelstuhl,\u00a0SO 36<\/p>\n<p>1987<\/p>\n<p>\u00bbB\u00e4cker, B\u00e4ckerin und B\u00e4ckerjunge\u00ab\u00a0von Jean Anouilh<br \/>\nB\u00fchnenmusik f\u00fcr Violine, Trompete, Klavier und Elektronik von Torsten Sense,\u00a0Regie: Rainer Behrend,\u00a0Trib\u00fcne Berlin<\/p>\n<p>1986<\/p>\n<p>\u00bbDer goldne Topf\u00ab\u00a0von E.T.A. Hoffmann<br \/>\nSzenische Lesung mit Musik f\u00fcr 5 Schauspieler, Violoncello, Kontrabass und Klavier,\u00a0Buch: Joachim Nottke,\u00a0Komposition: Torsten Sense,\u00a0Regie: Katja Nottke, Vaganten B\u00fchne Berlin 1986-87<\/p>\n<hr \/>\n<p>\u00bbBallettprobe\u00ab<br \/>\nSt\u00fcck f\u00fcr eine T\u00e4nzerin und Klavier<br \/>\nAuff\u00fchrung im Rahmen einer Veranstaltung der Friedensbewegung im Quartier Latin<\/p>\n<p>Silke Sense (Tanz),<br \/>\nTorsten Sense (Klavier\/Komposition)<br \/>\nChoreographie: Reinhold Bracht<\/p>\n<p>1985<\/p>\n<p>\u00bbAnima\u00ab<br \/>\nMusiktheaterst\u00fcck von Torsten Sense<br \/>\nf\u00fcr 1 S\u00e4ngerin, 1 T\u00e4nzer, 1 Schauspieler, Fl\u00f6te, Klarinette,<br \/>\nTrompete, Posaune, Tuba,\u00a0Texte: Michael Leisching<br \/>\nKompositionspreis des Deutsch-Franz\u00f6sischen Jugendwerks<br \/>\nHeidrun Vetter (Alt), musikalische Leitung: Marc Foster<br \/>\nCap d\u00c0il (Frankreich)<\/p>\n<p>1983<\/p>\n<p>\u00bbMacht Spiele\u00ab<br \/>\nRockrevue mit Texten von Kleist, Camus, Goethe u.a. f\u00fcr 7 Schauspieler und Rockband,\u00a0Musik: Torsten Sense,\u00a0Regie: Ingrid Kaehler,\u00a0Junges Theater Berlin 1983<\/p>\n","protected":false},"excerpt":{"rendered":"<p>2010 \u00bbDer Schwester Schatten\u00ab Eine Szenerie nach Georg Trakl von Inka Bach Theater unterm Dach, Musik: Torsten Sense, Regie: Ingrun Aran 2007\/2008 \u00bbAkkermann, Tod und Entropie\u00ab\u00a0f\u00fcr 3 Schauspieler\/S\u00e4nger, 5 Musiker und Videoeinspielungen Musiktheaterst\u00fcck, Libretto von Torsten Sense mit Kompositionen von Heiner Frauendorf, Wolfgang Gretschel, Marcus Werner, Klaus Janek und Torsten Sense UA 2007 + weitere &hellip; <a href=\"https:\/\/torstensense.de\/?page_id=70\" class=\"more-link\"><span class=\"screen-reader-text\">Musiktheater 1983 &#8211; 2010<\/span> weiterlesen<\/a><\/p>\n","protected":false},"author":1,"featured_media":0,"parent":0,"menu_order":0,"comment_status":"closed","ping_status":"closed","template":"","meta":[],"_links":{"self":[{"href":"https:\/\/torstensense.de\/index.php?rest_route=\/wp\/v2\/pages\/70"}],"collection":[{"href":"https:\/\/torstensense.de\/index.php?rest_route=\/wp\/v2\/pages"}],"about":[{"href":"https:\/\/torstensense.de\/index.php?rest_route=\/wp\/v2\/types\/page"}],"author":[{"embeddable":true,"href":"https:\/\/torstensense.de\/index.php?rest_route=\/wp\/v2\/users\/1"}],"replies":[{"embeddable":true,"href":"https:\/\/torstensense.de\/index.php?rest_route=%2Fwp%2Fv2%2Fcomments&post=70"}],"version-history":[{"count":10,"href":"https:\/\/torstensense.de\/index.php?rest_route=\/wp\/v2\/pages\/70\/revisions"}],"predecessor-version":[{"id":535,"href":"https:\/\/torstensense.de\/index.php?rest_route=\/wp\/v2\/pages\/70\/revisions\/535"}],"wp:attachment":[{"href":"https:\/\/torstensense.de\/index.php?rest_route=%2Fwp%2Fv2%2Fmedia&parent=70"}],"curies":[{"name":"wp","href":"https:\/\/api.w.org\/{rel}","templated":true}]}}