{"id":383,"date":"2016-10-30T14:32:12","date_gmt":"2016-10-30T13:32:12","guid":{"rendered":"http:\/\/wp.torstensense.de\/?page_id=383"},"modified":"2016-10-30T14:37:12","modified_gmt":"2016-10-30T13:37:12","slug":"vor-2013","status":"publish","type":"page","link":"https:\/\/torstensense.de\/?page_id=383","title":{"rendered":"vor 2013"},"content":{"rendered":"<p>Durch die Kammermusik kam ich zur Theatermusik und durch die B\u00fchnenmusiken zur Filmmusik. Einige Jahre konnte ich die Arbeiten f\u00fcr Film und Fernsehen gut mit meinen Musiktheaterproduktionen und Kompositionen f\u00fcr Ensembles und Orchester verbinden, aber es wurde zunehmend schwerer. Nach einem gesundheitsbedingten Stopp wurde mir klar, dass ich etwas ver\u00e4ndern m\u00f6chte. Das f\u00fchrte zu einer musikalischen Erneuerung und meiner Besch\u00e4ftigung mit den Fibonacci-Modulen. Deshalb endet diese Rubrik 2012.<\/p>\n","protected":false},"excerpt":{"rendered":"<p>Durch die Kammermusik kam ich zur Theatermusik und durch die B\u00fchnenmusiken zur Filmmusik. Einige Jahre konnte ich die Arbeiten f\u00fcr Film und Fernsehen gut mit meinen Musiktheaterproduktionen und Kompositionen f\u00fcr Ensembles und Orchester verbinden, aber es wurde zunehmend schwerer. Nach einem gesundheitsbedingten Stopp wurde mir klar, dass ich etwas ver\u00e4ndern m\u00f6chte. Das f\u00fchrte zu einer &hellip; <a href=\"https:\/\/torstensense.de\/?page_id=383\" class=\"more-link\"><span class=\"screen-reader-text\">vor 2013<\/span> weiterlesen<\/a><\/p>\n","protected":false},"author":1,"featured_media":0,"parent":0,"menu_order":0,"comment_status":"closed","ping_status":"closed","template":"","meta":[],"_links":{"self":[{"href":"https:\/\/torstensense.de\/index.php?rest_route=\/wp\/v2\/pages\/383"}],"collection":[{"href":"https:\/\/torstensense.de\/index.php?rest_route=\/wp\/v2\/pages"}],"about":[{"href":"https:\/\/torstensense.de\/index.php?rest_route=\/wp\/v2\/types\/page"}],"author":[{"embeddable":true,"href":"https:\/\/torstensense.de\/index.php?rest_route=\/wp\/v2\/users\/1"}],"replies":[{"embeddable":true,"href":"https:\/\/torstensense.de\/index.php?rest_route=%2Fwp%2Fv2%2Fcomments&post=383"}],"version-history":[{"count":2,"href":"https:\/\/torstensense.de\/index.php?rest_route=\/wp\/v2\/pages\/383\/revisions"}],"predecessor-version":[{"id":388,"href":"https:\/\/torstensense.de\/index.php?rest_route=\/wp\/v2\/pages\/383\/revisions\/388"}],"wp:attachment":[{"href":"https:\/\/torstensense.de\/index.php?rest_route=%2Fwp%2Fv2%2Fmedia&parent=383"}],"curies":[{"name":"wp","href":"https:\/\/api.w.org\/{rel}","templated":true}]}}