{"id":337,"date":"2016-10-30T00:29:45","date_gmt":"2016-10-29T22:29:45","guid":{"rendered":"http:\/\/wp.torstensense.de\/?page_id=337"},"modified":"2016-11-06T17:02:17","modified_gmt":"2016-11-06T16:02:17","slug":"presse-in-franken","status":"publish","type":"page","link":"https:\/\/torstensense.de\/?page_id=337","title":{"rendered":"Presse in Franken"},"content":{"rendered":"<p><span style=\"text-decoration: underline;\"><img decoding=\"async\" loading=\"lazy\" class=\"alignleft wp-image-339\" src=\"http:\/\/wp.torstensense.de\/wp-content\/uploads\/2016\/10\/Metamorph_fr.volksbl-234x300.jpeg\" alt=\"metamorph_fr-volksbl\" width=\"181\" height=\"232\" srcset=\"https:\/\/torstensense.de\/wp-content\/uploads\/2016\/10\/Metamorph_fr.volksbl-234x300.jpeg 234w, https:\/\/torstensense.de\/wp-content\/uploads\/2016\/10\/Metamorph_fr.volksbl.jpeg 742w\" sizes=\"(max-width: 181px) 100vw, 181px\" \/>Fr\u00e4nkisches Volksblatt, 28,03,1985<br \/>\n<\/span>&#8222;&#8230;Streim spielte auch &#8222;Segment einer unendlichen Metamorphose&#8220; von Torsten Sense. Sense ist ein sehr junger Komponist, Jahrgang 1961, und seine Komposition lie\u00df aufhorchen. Hier n\u00e4mlich schien sich Neues abzuzeichnen, eine neue Tendenz zum weich Melodi\u00f6sen, zum sch\u00f6nen Klang, zu flie\u00dfenden \u00dcberg\u00e4ngen, daf\u00fcr weg vom Esoterisch-K\u00fchlen&#8230;&#8220;<\/p>\n<p><strong>Peter Cersowsky<\/strong><\/p>\n<hr \/>\n<p>&#8222;&#8230;Als Urauff\u00fchrung erklang Torsten Senses\u00a0&#8222;Segment einer unendlichen Metamorphose&#8220;\u00a0f\u00fcr Orgel solo (1985). Dieses Werk, in der Anlage fast eine Passacaglia, &#8222;lebt&#8220; vom Dualismus <img decoding=\"async\" loading=\"lazy\" class=\"wp-image-327 alignright\" src=\"http:\/\/wp.torstensense.de\/wp-content\/uploads\/2016\/10\/Metamorph_-300x176.jpeg\" alt=\"metamorph_\" width=\"167\" height=\"98\" srcset=\"https:\/\/torstensense.de\/wp-content\/uploads\/2016\/10\/Metamorph_-300x176.jpeg 300w, https:\/\/torstensense.de\/wp-content\/uploads\/2016\/10\/Metamorph_.jpeg 757w\" sizes=\"(max-width: 167px) 100vw, 167px\" \/>zwischen Klang und Melodie, l\u00e4\u00dft eine winzige\u00a0Klangzelle zu einer gigantischen Klangwolke\u00a0anwachsen, die, dominiert von melodischen Floskeln, wieder in sich zusammenf\u00e4llt, abrupten Forte-, Piano-Wechseln Platz macht, zwischendurch auch tonale Fortentwicklungen denkbar macht und schlie\u00dflich in einem immer unbewegteren, daf\u00fcr an Lautst\u00e4rke zunehmenden Cluster endet. Dieses technisch anspruchsvolle Werk war von R\u00fcdiger Streim nahtlos, mit Gesp\u00fcr f\u00fcr Farbigkeit, treffsicher realisiert&#8230;&#8220;<\/p>\n<p><strong>awr<\/strong><\/p>\n<p>&nbsp;<\/p>\n","protected":false},"excerpt":{"rendered":"<p>Fr\u00e4nkisches Volksblatt, 28,03,1985 &#8222;&#8230;Streim spielte auch &#8222;Segment einer unendlichen Metamorphose&#8220; von Torsten Sense. Sense ist ein sehr junger Komponist, Jahrgang 1961, und seine Komposition lie\u00df aufhorchen. Hier n\u00e4mlich schien sich Neues abzuzeichnen, eine neue Tendenz zum weich Melodi\u00f6sen, zum sch\u00f6nen Klang, zu flie\u00dfenden \u00dcberg\u00e4ngen, daf\u00fcr weg vom Esoterisch-K\u00fchlen&#8230;&#8220; Peter Cersowsky &#8222;&#8230;Als Urauff\u00fchrung erklang Torsten Senses\u00a0&#8222;Segment &hellip; <a href=\"https:\/\/torstensense.de\/?page_id=337\" class=\"more-link\"><span class=\"screen-reader-text\">Presse in Franken<\/span> weiterlesen<\/a><\/p>\n","protected":false},"author":1,"featured_media":0,"parent":0,"menu_order":0,"comment_status":"closed","ping_status":"closed","template":"page-templates\/full-width.php","meta":[],"_links":{"self":[{"href":"https:\/\/torstensense.de\/index.php?rest_route=\/wp\/v2\/pages\/337"}],"collection":[{"href":"https:\/\/torstensense.de\/index.php?rest_route=\/wp\/v2\/pages"}],"about":[{"href":"https:\/\/torstensense.de\/index.php?rest_route=\/wp\/v2\/types\/page"}],"author":[{"embeddable":true,"href":"https:\/\/torstensense.de\/index.php?rest_route=\/wp\/v2\/users\/1"}],"replies":[{"embeddable":true,"href":"https:\/\/torstensense.de\/index.php?rest_route=%2Fwp%2Fv2%2Fcomments&post=337"}],"version-history":[{"count":10,"href":"https:\/\/torstensense.de\/index.php?rest_route=\/wp\/v2\/pages\/337\/revisions"}],"predecessor-version":[{"id":454,"href":"https:\/\/torstensense.de\/index.php?rest_route=\/wp\/v2\/pages\/337\/revisions\/454"}],"wp:attachment":[{"href":"https:\/\/torstensense.de\/index.php?rest_route=%2Fwp%2Fv2%2Fmedia&parent=337"}],"curies":[{"name":"wp","href":"https:\/\/api.w.org\/{rel}","templated":true}]}}