{"id":292,"date":"2016-10-29T13:47:02","date_gmt":"2016-10-29T11:47:02","guid":{"rendered":"http:\/\/wp.torstensense.de\/?page_id=292"},"modified":"2021-11-28T18:04:51","modified_gmt":"2021-11-28T17:04:51","slug":"kontakt","status":"publish","type":"page","link":"https:\/\/torstensense.de\/?page_id=292","title":{"rendered":"Kontakt\/Impressum"},"content":{"rendered":"<p>Torsten Sense<br \/>\nDietrich-Bonhoeffer-Stra\u00dfe 29<br \/>\n10407 Berlin<\/p>\n<p>Telefon: \u00a0 +49-(0)175-166 74 40<br \/>\nE-Mail: \u00a0 \u00a0clava@torstensense.de<br \/>\nWeb: \u00a0 \u00a0 \u00a0 \u00a0www.torstensense.de<\/p>\n<p>Foto (Hintergrundbild): Alice Berlin\u00a0\u00a9<\/p>\n<p><span style=\"text-decoration: underline;\"><span class=\"link\">Haftungshinweis:<\/span><\/span><br \/>\nTrotz sorgf\u00e4ltiger inhaltlicher Kontrolle \u00fcbernehmen wir keine Haftung f\u00fcr die Inhalte externer Links. F\u00fcr den Inhalt der verlinkten Seiten sind ausschlie\u00dflich deren Betreiber verantwortlich.<br \/>\nDie Download-Fotos d\u00fcrfen ausschlie\u00dflich f\u00fcr redaktionelle Zwecke genutzt werden, die in Verbindung mit einer Pressever\u00f6ffentlichung \u00fcber Torsten Sense stehen.<br \/>\nDie FotografInnen sind hierbei namentlich zu nennen.<\/p>\n<p>Umsatzsteuer-Identifikationsnummer gem\u00e4\u00df \u00a7 27 a Umsatzsteuergesetz: \u00a0DE 96 815 034 179.<\/p>\n","protected":false},"excerpt":{"rendered":"<p>Torsten Sense Dietrich-Bonhoeffer-Stra\u00dfe 29 10407 Berlin Telefon: \u00a0 +49-(0)175-166 74 40 E-Mail: \u00a0 \u00a0clava@torstensense.de Web: \u00a0 \u00a0 \u00a0 \u00a0www.torstensense.de Foto (Hintergrundbild): Alice Berlin\u00a0\u00a9 Haftungshinweis: Trotz sorgf\u00e4ltiger inhaltlicher Kontrolle \u00fcbernehmen wir keine Haftung f\u00fcr die Inhalte externer Links. F\u00fcr den Inhalt der verlinkten Seiten sind ausschlie\u00dflich deren Betreiber verantwortlich. Die Download-Fotos d\u00fcrfen ausschlie\u00dflich f\u00fcr redaktionelle Zwecke &hellip; <a href=\"https:\/\/torstensense.de\/?page_id=292\" class=\"more-link\"><span class=\"screen-reader-text\">Kontakt\/Impressum<\/span> weiterlesen<\/a><\/p>\n","protected":false},"author":1,"featured_media":0,"parent":0,"menu_order":0,"comment_status":"closed","ping_status":"closed","template":"","meta":[],"_links":{"self":[{"href":"https:\/\/torstensense.de\/index.php?rest_route=\/wp\/v2\/pages\/292"}],"collection":[{"href":"https:\/\/torstensense.de\/index.php?rest_route=\/wp\/v2\/pages"}],"about":[{"href":"https:\/\/torstensense.de\/index.php?rest_route=\/wp\/v2\/types\/page"}],"author":[{"embeddable":true,"href":"https:\/\/torstensense.de\/index.php?rest_route=\/wp\/v2\/users\/1"}],"replies":[{"embeddable":true,"href":"https:\/\/torstensense.de\/index.php?rest_route=%2Fwp%2Fv2%2Fcomments&post=292"}],"version-history":[{"count":6,"href":"https:\/\/torstensense.de\/index.php?rest_route=\/wp\/v2\/pages\/292\/revisions"}],"predecessor-version":[{"id":600,"href":"https:\/\/torstensense.de\/index.php?rest_route=\/wp\/v2\/pages\/292\/revisions\/600"}],"wp:attachment":[{"href":"https:\/\/torstensense.de\/index.php?rest_route=%2Fwp%2Fv2%2Fmedia&parent=292"}],"curies":[{"name":"wp","href":"https:\/\/api.w.org\/{rel}","templated":true}]}}